{"id":995,"date":"2020-12-29T16:23:05","date_gmt":"2020-12-29T15:23:05","guid":{"rendered":"http:\/\/www.wort-reich.ch\/?page_id=995"},"modified":"2022-12-28T14:27:45","modified_gmt":"2022-12-28T13:27:45","slug":"ueber-uns","status":"publish","type":"page","link":"https:\/\/www.wort-reich.ch\/?page_id=995","title":{"rendered":"\u00dcber Uns"},"content":{"rendered":"<div id=\"dslc-main\">\r\n\t\t\t<div  class=\"dslc-modules-section \" style=\"padding-top:40px;padding-bottom:40px;\" data-section-id=\"c78d8e622b3\">\r\n\t\t\t\t\r\n\t\t\t\t\r\n\t\t\t\t<div class=\"dslc-modules-section-wrapper dslc-clearfix\"><div  class=\"dslc-modules-area dslc-col dslc-12-col dslc-last-col dslc-valign- \" data-size=\"12\" data-valign=\"\" data-modules-area-id=\"\" ><style type=\"text\/css\" id=\"dslca-modules-area-\"><\/style>\r\n\t\t<div id=\"dslc-module-abc9bdafe55\" class=\"dslc-module-front dslc-module-DSLC_Text_Simple dslc-in-viewport-check dslc-in-viewport-anim-none  dslc-col dslc-12-col dslc-last-col  dslc-module-handle-like-regular \" data-module-id=\"abc9bdafe55\" data-module=\"DSLC_Text_Simple\" data-dslc-module-size=\"12\" data-dslc-anim=\"none\" data-dslc-anim-delay=\"\" data-dslc-anim-duration=\"650\"  data-dslc-anim-easing=\"ease\" data-dslc-preset=\"text-h1-h6\" >\r\n\r\n\t\t\t\r\n\t\t\t\r\n\t\t\n\t\t<div class=\"dslc-text-module-content\">\n\t\t\t<h1>Leonora und Vera kennen sich aus dem Studium, ihr gemeinsames Interesse zog sie nach Bern: die deutsche Sprache und Literatur. W\u00e4hrend Leonora die Liedtexte und Gedichte von Bettina Wegner und Sarah Lesch auseinandernimmt, besch\u00e4ftigt sich Vera mit den Texten von Wolfgang Herrndorf.<\/h1><h1>Literatur kann sehr vielf\u00e4ltig sein, so befassen sie sich in dem Podcast mit Deb\u00fctromanen junger Autor*innen und schreiben fiktive und reale Texte, aber auch Rezensionen auf dem Blog.<\/h1>\t\t<\/div>\n\n\t\t\r\n\t\t\t\t<\/div><!-- .dslc-module -->\r\n\t\t<\/div><\/div><\/div><\/div>","protected":false},"excerpt":{"rendered":"<p>Leonora und Vera kennen sich aus dem Studium, ihr gemeinsames Interesse zog sie nach Bern: die deutsche Sprache und Literatur. W\u00e4hrend Leonora die Liedtexte und Gedichte von Bettina Wegner und Sarah Lesch auseinandernimmt, besch\u00e4ftigt sich Vera mit den Texten von Wolfgang Herrndorf.Literatur kann sehr vielf\u00e4ltig sein, so befassen sie sich in dem Podcast mit Deb\u00fctromanen [&hellip;]<\/p>\n","protected":false},"author":1,"featured_media":0,"parent":0,"menu_order":0,"comment_status":"closed","ping_status":"closed","template":"","meta":{"jetpack_post_was_ever_published":false,"footnotes":""},"class_list":["post-995","page","type-page","status-publish","hentry"],"jetpack_sharing_enabled":true,"jetpack_shortlink":"https:\/\/wp.me\/P8fxsM-g3","_links":{"self":[{"href":"https:\/\/www.wort-reich.ch\/index.php?rest_route=\/wp\/v2\/pages\/995","targetHints":{"allow":["GET"]}}],"collection":[{"href":"https:\/\/www.wort-reich.ch\/index.php?rest_route=\/wp\/v2\/pages"}],"about":[{"href":"https:\/\/www.wort-reich.ch\/index.php?rest_route=\/wp\/v2\/types\/page"}],"author":[{"embeddable":true,"href":"https:\/\/www.wort-reich.ch\/index.php?rest_route=\/wp\/v2\/users\/1"}],"replies":[{"embeddable":true,"href":"https:\/\/www.wort-reich.ch\/index.php?rest_route=%2Fwp%2Fv2%2Fcomments&post=995"}],"version-history":[{"count":1,"href":"https:\/\/www.wort-reich.ch\/index.php?rest_route=\/wp\/v2\/pages\/995\/revisions"}],"predecessor-version":[{"id":996,"href":"https:\/\/www.wort-reich.ch\/index.php?rest_route=\/wp\/v2\/pages\/995\/revisions\/996"}],"wp:attachment":[{"href":"https:\/\/www.wort-reich.ch\/index.php?rest_route=%2Fwp%2Fv2%2Fmedia&parent=995"}],"curies":[{"name":"wp","href":"https:\/\/api.w.org\/{rel}","templated":true}]}}