{"id":762,"date":"2019-05-25T11:29:48","date_gmt":"2019-05-25T09:29:48","guid":{"rendered":"http:\/\/www.veraholz.ch\/?page_id=762"},"modified":"2022-12-28T14:12:54","modified_gmt":"2022-12-28T13:12:54","slug":"new-post-created-on-05-25-2019","status":"publish","type":"page","link":"https:\/\/www.wort-reich.ch\/?page_id=762","title":{"rendered":"Texte"},"content":{"rendered":"<div id=\"dslc-theme-content\"><div id=\"dslc-theme-content-inner\"><div id=\"dslc-main\">\n<div  class=\"dslc-modules-section \" style=\"padding-bottom:40px;padding-top:40px;\" data-section-id=\"0332c48450e\">\n<div class=\"dslc-modules-section-wrapper dslc-clearfix\">\n<style type=\"text\/css\" id=\"dslca-modules-area-\"><\/style>\n<div  class=\"dslc-modules-area dslc-col dslc-12-col dslc-last-col dslc-valign- \" data-size=\"12\" data-valign=\"\" data-modules-area-id=\"\" >\n<div id=\"dslc-module-bb4f34a5b28\" class=\"dslc-module-front dslc-module-DSLC_Text_Simple dslc-in-viewport-check dslc-in-viewport-anim-none  dslc-col dslc-12-col dslc-last-col  dslc-module-handle-like-regular \" data-module-id=\"bb4f34a5b28\" data-module=\"DSLC_Text_Simple\" data-dslc-module-size=\"12\" data-dslc-anim=\"none\" data-dslc-anim-delay=\"\" data-dslc-anim-duration=\"650\"  data-dslc-anim-easing=\"ease\" data-dslc-preset=\"none\" >\n<div class=\"dslc-text-module-content\">\n<h1 style=\"text-align: left;\">Angefangen hat Vera allein, indem sie \u00fcber ihre Gedanken und Gef\u00fchle schrieb, erz\u00e4hlte, was sie erlebte, was sie herumtrieb und erfand Geschichten oder zeigte ihr Mittagessen. Einiges hat sich ge\u00e4ndert so liegt der Schwerpunkt nun auf den realen und fiktiven Texten, sowie Buchrezensionen. Und Vera schreibt nicht mehr alleine, sondern l\u00e4sst ihre Freund*innen zu Wort kommen: Leonora, etc.<\/h1>\n<\/p><\/div>\n<\/p><\/div>\n<p><!-- .dslc-module -->\n\t\t<\/div>\n<\/div>\n<\/div>\n<div  class=\"dslc-modules-section \" style=\"margin-bottom:100px;padding-bottom:0px;padding-top:0px;\" data-section-id=\"ddcbedf59ed\">\n<div class=\"dslc-modules-section-wrapper dslc-clearfix\">\n<style type=\"text\/css\" id=\"dslca-modules-area-\"><\/style>\n<div  class=\"dslc-modules-area dslc-col dslc-12-col dslc-last-col dslc-valign- \" data-size=\"12\" data-valign=\"\" data-modules-area-id=\"\" >\n<div id=\"dslc-module-e837fd5b43f\" class=\"dslc-module-front dslc-module-DSLC_Blog dslc-in-viewport-check dslc-in-viewport-anim-none  dslc-col dslc-12-col dslc-last-col  dslc-module-handle-like-regular \" data-module-id=\"e837fd5b43f\" data-module=\"DSLC_Blog\" data-dslc-module-size=\"12\" data-dslc-anim=\"none\" data-dslc-anim-delay=\"\" data-dslc-anim-duration=\"650\"  data-dslc-anim-easing=\"ease\" data-dslc-preset=\"blog\" >\n<div class=\"dslc-posts dslc-blog-posts dslc-clearfix dslc-blog-posts-type-grid dslc-posts-orientation-vertical dslc-init-grid \">\r\n\t\t\t\r\n\t\t\t\r\n\t\t<div class=\"dslc-posts-inner\">\r\n\t<div class=\"dslc-post dslc-blog-post dslc-col dslc-12-col  dslc-last-col dslc-post-format-standard\" data-cats=\"text \">\r\n\r\n\t\r\n\t\t\t\t\t\t\t\t\r\n\t\t\t\t\t\t\t\t\t<div class=\"dslc-blog-post-thumb dslc-post-thumb dslc-on-hover-anim\">\r\n\r\n\t\t\t\t\t\t\t\t\t\t\r\n\t\t\t\t\t\t\t\t\t\t\t<div class=\"dslc-blog-post-thumb-inner dslca-post-thumb\">\r\n\t\t\t\t\t\t\t\t\t\t\t\t\r\n\t\t\t\t\t\t\t\t\t\t\t\t\t\t\t\t\t\t\t\t\t\t\t\t\t<a href=\"https:\/\/www.wort-reich.ch\/?p=966\" class=\"\"><img loading=\"lazy\" decoding=\"async\" width=\"2560\" height=\"1562\" src=\"https:\/\/www.wort-reich.ch\/wp-content\/uploads\/2020\/12\/krzysztof-hepner-TH7TW20de9s-unsplash-scaled.jpg\" class=\"attachment-full size-full wp-post-image\" alt=\"\" title=\"krzysztof-hepner-TH7TW20de9s-unsplash\" srcset=\"https:\/\/www.wort-reich.ch\/wp-content\/uploads\/2020\/12\/krzysztof-hepner-TH7TW20de9s-unsplash-scaled.jpg 2560w, https:\/\/www.wort-reich.ch\/wp-content\/uploads\/2020\/12\/krzysztof-hepner-TH7TW20de9s-unsplash-300x183.jpg 300w, https:\/\/www.wort-reich.ch\/wp-content\/uploads\/2020\/12\/krzysztof-hepner-TH7TW20de9s-unsplash-700x427.jpg 700w, https:\/\/www.wort-reich.ch\/wp-content\/uploads\/2020\/12\/krzysztof-hepner-TH7TW20de9s-unsplash-768x468.jpg 768w, https:\/\/www.wort-reich.ch\/wp-content\/uploads\/2020\/12\/krzysztof-hepner-TH7TW20de9s-unsplash-1536x937.jpg 1536w, https:\/\/www.wort-reich.ch\/wp-content\/uploads\/2020\/12\/krzysztof-hepner-TH7TW20de9s-unsplash-2048x1249.jpg 2048w\" sizes=\"auto, (max-width: 2560px) 100vw, 2560px\" \/><\/a>\r\n\t\t\t\t\t\t\t\t\t\t\t\t\t\t\t\t\t\t\t\t\t\t\t<\/div><!-- .dslc-blog-post-thumb-inner -->\r\n\r\n\t\t\t\t\t\t\t\t\t\t\r\n\t\t\t\t\t\t\t\t\t\t\r\n\t\t\t\t\t\t\t\t\t<\/div><!-- .dslc-blog-post-thumb -->\r\n\r\n\t\t\t\t\t\t\t\t\r\n\t\t\t\t\t\t\t\r\n\t\t\t\t\t\t\t\r\n\t\t\t\t\t\t\t\t<div class=\"dslc-post-main dslc-blog-post-main\">\r\n\r\n\t\t\t\t\t\t\t\t\t\r\n\t\t\t\t\t\t\t\t\t\r\n\t\t\t\t\t\t\t\t\t\t<div class=\"dslc-blog-post-title\">\r\n\t\t\t\t\t\t\t\t\t\t\t<h2><a href=\"https:\/\/www.wort-reich.ch\/?p=966\">Abschied<\/a><\/h2>\r\n\t\t\t\t\t\t\t\t\t\t<\/div><!-- .dslc-blog-post-title -->\r\n\r\n\t\t\t\t\t\t\t\t\t\r\n\t\t\t\t\t\t\t\t\t\r\n\t\t\t\t\t\t\t\t\t\t\r\n\t\t\t\t\t\t\t\t\t\t<div class=\"dslc-blog-post-meta\">\r\n\r\n\t\t\t\t\t\t\t\t\t\t\t\r\n\t\t\t\t\t\t\t\t\t\t\t\t\t\t\t\t\t\t\t\t\t\t\t<div class=\"dslc-blog-post-meta-date above\">\r\n\t\t\t\t\t\t\t\t\t\t\t\t\tDezember 16, 2020\t\t\t\t\t\t\t\t\t\t\t\t<\/div><!-- .dslc-blog-post-meta-date -->\r\n\t\t\t\t\t\t\t\t\t\t\t\r\n\t\t\t\t\t\t\t\t\t\t\t\r\n\t\t\t\t\t\t\t\t\t\t\t<div class=\"clearfix\"><\/div>\r\n\r\n\t\t\t\t\t\t\t\t\t\t\t<div class=\"meta-category\">\r\n\t\t\t\t\t\t\t\t\t\t\t\t\t\t\t\t\t\t\t\t\t\t\t\t\t\t\t\t\t\t\t\t\t\t\t<\/div>\r\n\r\n\t\t\t\t\t\t\t\t\t\t<\/div><!-- .dslc-blog-post-meta -->\r\n\t\t\t\t\t\t\t\t\t\t\r\n\t\t\t\t\t\t\t\t\t\r\n\t\t\t\t\t\t\t\t\t\r\n\t\t\t\t\t\t\t\t\t\t<div class=\"dslc-blog-post-excerpt\">\r\n\t\t\t\t\t\t\t\t\t\t\t\t\t\t\t\t\t\t\t\t\t\t\tall die traurigen und doch auch gl\u00fccklichen gesichter, die sich die tr\u00e4nen verdr\u00fccken. es ist nicht mein abschied, sondern deiner. fort gehst du, in die weite welt, alleine und voller abenteuerlust, neugierig auf das da draussen. ich bleibe hier, f\u00fcr einen moment zumindest. habe vergessen, wie es sich anf\u00fchlt, gute freunde zu vermissen. werde oft an dich denken und dich verfolgen auf deinen abenteuern. Machs guet! Photo by Krzysztof Hepner on Unsplash\t\t\t\t\t\t\t\t\t\t\t\t\t\t\t\t\t\t\t\t\t<\/div><!-- .dslc-blog-post-excerpt -->\r\n\r\n\t\t\t\t\t\t\t\t\t\r\n\t\t\t\t\t\t\t\t\t\r\n\t\t\t\t\t\t\t\t\t\t<div class=\"dslc-blog-post-read-more\">\r\n\t\t\t\t\t\t\t\t\t\t\t<a href=\"https:\/\/www.wort-reich.ch\/?p=966\">\r\n\t\t\t\t\t\t\t\t\t\t\t\t\t\t\t\t\t\t\t\t\t\t\t\t\t<span class=\"dslc-icon dslc-icon-\"><\/span>\t\r\n\t\t\t\t\t\t\t\t\t\t\t\t\t\t\t\t\t\t\t\t\t\t\t\tweiterlesen\t\t\t\t\t\t\t\t\t\t\t<\/a>\r\n\t\t\t\t\t\t\t\t\t\t<\/div><!-- .dslc-blog-post-read-more -->\r\n\r\n\t\t\t\t\t\t\t\t\t\r\n\t\t\t\t\t\t\t\t<\/div><!-- .blog-post-main -->\r\n\r\n\t\t\t\t\t\t\t\t\r\n\t\t\t\t\t\t\t\t\r\n\t\t\t\t\t\t\t\r\n\t\t\t\t\t\t<\/div><!-- .dslc-blog-post -->\r\n\r\n\t\t\t\t\t\t\r\n\t\t\t\t\t\t<div class=\"dslc-post-separator\"><\/div>\r\n\t<div class=\"dslc-post dslc-blog-post dslc-col dslc-12-col  dslc-last-col dslc-post-format-standard\" data-cats=\"text \">\r\n\r\n\t\r\n\t\t\t\t\t\t\t\t\r\n\t\t\t\t\t\t\t\t\t<div class=\"dslc-blog-post-thumb dslc-post-thumb dslc-on-hover-anim\">\r\n\r\n\t\t\t\t\t\t\t\t\t\t\r\n\t\t\t\t\t\t\t\t\t\t\t<div class=\"dslc-blog-post-thumb-inner dslca-post-thumb\">\r\n\t\t\t\t\t\t\t\t\t\t\t\t\r\n\t\t\t\t\t\t\t\t\t\t\t\t\t\t\t\t\t\t\t\t\t\t\t\t\t<a href=\"https:\/\/www.wort-reich.ch\/?p=959\" class=\"\"><img loading=\"lazy\" decoding=\"async\" width=\"2560\" height=\"2560\" src=\"https:\/\/www.wort-reich.ch\/wp-content\/uploads\/2020\/12\/mauro-paillex-bbZfvSeb95Y-unsplash-scaled.jpg\" class=\"attachment-full size-full wp-post-image\" alt=\"\" title=\"mauro-paillex-bbZfvSeb95Y-unsplash\" srcset=\"https:\/\/www.wort-reich.ch\/wp-content\/uploads\/2020\/12\/mauro-paillex-bbZfvSeb95Y-unsplash-scaled.jpg 2560w, https:\/\/www.wort-reich.ch\/wp-content\/uploads\/2020\/12\/mauro-paillex-bbZfvSeb95Y-unsplash-300x300.jpg 300w, https:\/\/www.wort-reich.ch\/wp-content\/uploads\/2020\/12\/mauro-paillex-bbZfvSeb95Y-unsplash-700x700.jpg 700w, https:\/\/www.wort-reich.ch\/wp-content\/uploads\/2020\/12\/mauro-paillex-bbZfvSeb95Y-unsplash-150x150.jpg 150w, https:\/\/www.wort-reich.ch\/wp-content\/uploads\/2020\/12\/mauro-paillex-bbZfvSeb95Y-unsplash-768x768.jpg 768w, https:\/\/www.wort-reich.ch\/wp-content\/uploads\/2020\/12\/mauro-paillex-bbZfvSeb95Y-unsplash-1536x1536.jpg 1536w, https:\/\/www.wort-reich.ch\/wp-content\/uploads\/2020\/12\/mauro-paillex-bbZfvSeb95Y-unsplash-2048x2048.jpg 2048w\" sizes=\"auto, (max-width: 2560px) 100vw, 2560px\" \/><\/a>\r\n\t\t\t\t\t\t\t\t\t\t\t\t\t\t\t\t\t\t\t\t\t\t\t<\/div><!-- .dslc-blog-post-thumb-inner -->\r\n\r\n\t\t\t\t\t\t\t\t\t\t\r\n\t\t\t\t\t\t\t\t\t\t\r\n\t\t\t\t\t\t\t\t\t<\/div><!-- .dslc-blog-post-thumb -->\r\n\r\n\t\t\t\t\t\t\t\t\r\n\t\t\t\t\t\t\t\r\n\t\t\t\t\t\t\t\r\n\t\t\t\t\t\t\t\t<div class=\"dslc-post-main dslc-blog-post-main\">\r\n\r\n\t\t\t\t\t\t\t\t\t\r\n\t\t\t\t\t\t\t\t\t\r\n\t\t\t\t\t\t\t\t\t\t<div class=\"dslc-blog-post-title\">\r\n\t\t\t\t\t\t\t\t\t\t\t<h2><a href=\"https:\/\/www.wort-reich.ch\/?p=959\">Keine Lust<\/a><\/h2>\r\n\t\t\t\t\t\t\t\t\t\t<\/div><!-- .dslc-blog-post-title -->\r\n\r\n\t\t\t\t\t\t\t\t\t\r\n\t\t\t\t\t\t\t\t\t\r\n\t\t\t\t\t\t\t\t\t\t\r\n\t\t\t\t\t\t\t\t\t\t<div class=\"dslc-blog-post-meta\">\r\n\r\n\t\t\t\t\t\t\t\t\t\t\t\r\n\t\t\t\t\t\t\t\t\t\t\t\t\t\t\t\t\t\t\t\t\t\t\t<div class=\"dslc-blog-post-meta-date above\">\r\n\t\t\t\t\t\t\t\t\t\t\t\t\tDezember 8, 2020\t\t\t\t\t\t\t\t\t\t\t\t<\/div><!-- .dslc-blog-post-meta-date -->\r\n\t\t\t\t\t\t\t\t\t\t\t\r\n\t\t\t\t\t\t\t\t\t\t\t\r\n\t\t\t\t\t\t\t\t\t\t\t<div class=\"clearfix\"><\/div>\r\n\r\n\t\t\t\t\t\t\t\t\t\t\t<div class=\"meta-category\">\r\n\t\t\t\t\t\t\t\t\t\t\t\t\t\t\t\t\t\t\t\t\t\t\t\t\t\t\t\t\t\t\t\t\t\t\t<\/div>\r\n\r\n\t\t\t\t\t\t\t\t\t\t<\/div><!-- .dslc-blog-post-meta -->\r\n\t\t\t\t\t\t\t\t\t\t\r\n\t\t\t\t\t\t\t\t\t\r\n\t\t\t\t\t\t\t\t\t\r\n\t\t\t\t\t\t\t\t\t\t<div class=\"dslc-blog-post-excerpt\">\r\n\t\t\t\t\t\t\t\t\t\t\t\t\t\t\t\t\t\t\t\t\t\t\tmanchmal m\u00f6chte ich gerne versinken. einfach abtauchen, sich abwenden von der aussenwelt, keine lust aufgaben zu erledigen, keine lust verantwortung zu tragen, keine lust gespr\u00e4che zu f\u00fchren, keine lust entscheidungen zu treffen, einfach abtauchen, um zu lesen, in seinen gedanken zu versinken, h\u00f6rb\u00fccher zu h\u00f6ren, zu tr\u00e4umen, augen zu machen, zu schlafen und alles um mich herum vergessen all den dingen nachgehen, die sonst viel zu kurz kommen &nbsp; &nbsp; &nbsp; &nbsp; Photo by mauro paillex on Unsplash\t\t\t\t\t\t\t\t\t\t\t\t\t\t\t\t\t\t\t\t\t<\/div><!-- .dslc-blog-post-excerpt -->\r\n\r\n\t\t\t\t\t\t\t\t\t\r\n\t\t\t\t\t\t\t\t\t\r\n\t\t\t\t\t\t\t\t\t\t<div class=\"dslc-blog-post-read-more\">\r\n\t\t\t\t\t\t\t\t\t\t\t<a href=\"https:\/\/www.wort-reich.ch\/?p=959\">\r\n\t\t\t\t\t\t\t\t\t\t\t\t\t\t\t\t\t\t\t\t\t\t\t\t\t<span class=\"dslc-icon dslc-icon-\"><\/span>\t\r\n\t\t\t\t\t\t\t\t\t\t\t\t\t\t\t\t\t\t\t\t\t\t\t\tweiterlesen\t\t\t\t\t\t\t\t\t\t\t<\/a>\r\n\t\t\t\t\t\t\t\t\t\t<\/div><!-- .dslc-blog-post-read-more -->\r\n\r\n\t\t\t\t\t\t\t\t\t\r\n\t\t\t\t\t\t\t\t<\/div><!-- .blog-post-main -->\r\n\r\n\t\t\t\t\t\t\t\t\r\n\t\t\t\t\t\t\t\t\r\n\t\t\t\t\t\t\t\r\n\t\t\t\t\t\t<\/div><!-- .dslc-blog-post -->\r\n\r\n\t\t\t\t\t\t\r\n\t\t\t\t\t\t<div class=\"dslc-post-separator\"><\/div>\r\n\t<div class=\"dslc-post dslc-blog-post dslc-col dslc-12-col  dslc-last-col dslc-post-format-standard\" data-cats=\"text \">\r\n\r\n\t\r\n\t\t\t\t\t\t\t\t\r\n\t\t\t\t\t\t\t\t\t<div class=\"dslc-blog-post-thumb dslc-post-thumb dslc-on-hover-anim\">\r\n\r\n\t\t\t\t\t\t\t\t\t\t\r\n\t\t\t\t\t\t\t\t\t\t\t<div class=\"dslc-blog-post-thumb-inner dslca-post-thumb\">\r\n\t\t\t\t\t\t\t\t\t\t\t\t\r\n\t\t\t\t\t\t\t\t\t\t\t\t\t\t\t\t\t\t\t\t\t\t\t\t\t<a href=\"https:\/\/www.wort-reich.ch\/?p=948\" class=\"\"><img loading=\"lazy\" decoding=\"async\" width=\"2560\" height=\"1706\" src=\"https:\/\/www.wort-reich.ch\/wp-content\/uploads\/2020\/01\/david-dibert-Na0BbqKbfAo-unsplash-scaled.jpg\" class=\"attachment-full size-full wp-post-image\" alt=\"\" title=\"david-dibert-Na0BbqKbfAo-unsplash\" srcset=\"https:\/\/www.wort-reich.ch\/wp-content\/uploads\/2020\/01\/david-dibert-Na0BbqKbfAo-unsplash-scaled.jpg 2560w, https:\/\/www.wort-reich.ch\/wp-content\/uploads\/2020\/01\/david-dibert-Na0BbqKbfAo-unsplash-300x200.jpg 300w, https:\/\/www.wort-reich.ch\/wp-content\/uploads\/2020\/01\/david-dibert-Na0BbqKbfAo-unsplash-700x467.jpg 700w, https:\/\/www.wort-reich.ch\/wp-content\/uploads\/2020\/01\/david-dibert-Na0BbqKbfAo-unsplash-768x512.jpg 768w, https:\/\/www.wort-reich.ch\/wp-content\/uploads\/2020\/01\/david-dibert-Na0BbqKbfAo-unsplash-1536x1024.jpg 1536w, https:\/\/www.wort-reich.ch\/wp-content\/uploads\/2020\/01\/david-dibert-Na0BbqKbfAo-unsplash-2048x1365.jpg 2048w, https:\/\/www.wort-reich.ch\/wp-content\/uploads\/2020\/01\/david-dibert-Na0BbqKbfAo-unsplash-272x182.jpg 272w\" sizes=\"auto, (max-width: 2560px) 100vw, 2560px\" \/><\/a>\r\n\t\t\t\t\t\t\t\t\t\t\t\t\t\t\t\t\t\t\t\t\t\t\t<\/div><!-- .dslc-blog-post-thumb-inner -->\r\n\r\n\t\t\t\t\t\t\t\t\t\t\r\n\t\t\t\t\t\t\t\t\t\t\r\n\t\t\t\t\t\t\t\t\t<\/div><!-- .dslc-blog-post-thumb -->\r\n\r\n\t\t\t\t\t\t\t\t\r\n\t\t\t\t\t\t\t\r\n\t\t\t\t\t\t\t\r\n\t\t\t\t\t\t\t\t<div class=\"dslc-post-main dslc-blog-post-main\">\r\n\r\n\t\t\t\t\t\t\t\t\t\r\n\t\t\t\t\t\t\t\t\t\r\n\t\t\t\t\t\t\t\t\t\t<div class=\"dslc-blog-post-title\">\r\n\t\t\t\t\t\t\t\t\t\t\t<h2><a href=\"https:\/\/www.wort-reich.ch\/?p=948\">Vollmond<\/a><\/h2>\r\n\t\t\t\t\t\t\t\t\t\t<\/div><!-- .dslc-blog-post-title -->\r\n\r\n\t\t\t\t\t\t\t\t\t\r\n\t\t\t\t\t\t\t\t\t\r\n\t\t\t\t\t\t\t\t\t\t\r\n\t\t\t\t\t\t\t\t\t\t<div class=\"dslc-blog-post-meta\">\r\n\r\n\t\t\t\t\t\t\t\t\t\t\t\r\n\t\t\t\t\t\t\t\t\t\t\t\t\t\t\t\t\t\t\t\t\t\t\t<div class=\"dslc-blog-post-meta-date above\">\r\n\t\t\t\t\t\t\t\t\t\t\t\t\tJanuar 22, 2020\t\t\t\t\t\t\t\t\t\t\t\t<\/div><!-- .dslc-blog-post-meta-date -->\r\n\t\t\t\t\t\t\t\t\t\t\t\r\n\t\t\t\t\t\t\t\t\t\t\t\r\n\t\t\t\t\t\t\t\t\t\t\t<div class=\"clearfix\"><\/div>\r\n\r\n\t\t\t\t\t\t\t\t\t\t\t<div class=\"meta-category\">\r\n\t\t\t\t\t\t\t\t\t\t\t\t\t\t\t\t\t\t\t\t\t\t\t\t\t\t\t\t\t\t\t\t\t\t\t<\/div>\r\n\r\n\t\t\t\t\t\t\t\t\t\t<\/div><!-- .dslc-blog-post-meta -->\r\n\t\t\t\t\t\t\t\t\t\t\r\n\t\t\t\t\t\t\t\t\t\r\n\t\t\t\t\t\t\t\t\t\r\n\t\t\t\t\t\t\t\t\t\t<div class=\"dslc-blog-post-excerpt\">\r\n\t\t\t\t\t\t\t\t\t\t\t\t\t\t\t\t\t\t\t\t\t\t\tDer Vollmond scheint hell ins Zimmer. Blinzelt durch die Rolll\u00e4den. Nur ganz leicht. Und doch tanzen seine Strahlen auf der Bettdecke, wenn sie sich dreht. Wenn sie doch nur einschlafen k\u00f6nnte. Doch dieses Glitzern des Vollmondes l\u00e4sst sie nicht schlafen. Wie rund er doch ist, als ob man ihn vom Himmel pfl\u00fccken k\u00f6nnte. So voll und vollkommen. Sie k\u00f6nnte einfach den Rollo schliesse, dann w\u00e4re es dunkel. Stockdunkel. Doch daf\u00fcr findet sie den Mond zu sch\u00f6n. Zu sch\u00f6n scheint er. Ganz sanft und leise in voller Pracht. Also dreht sie sich wieder um und die Strahlen tanzen weiter. Sie denkt&hellip;\t\t\t\t\t\t\t\t\t\t\t\t\t\t\t\t\t\t\t\t\t<\/div><!-- .dslc-blog-post-excerpt -->\r\n\r\n\t\t\t\t\t\t\t\t\t\r\n\t\t\t\t\t\t\t\t\t\r\n\t\t\t\t\t\t\t\t\t\t<div class=\"dslc-blog-post-read-more\">\r\n\t\t\t\t\t\t\t\t\t\t\t<a href=\"https:\/\/www.wort-reich.ch\/?p=948\">\r\n\t\t\t\t\t\t\t\t\t\t\t\t\t\t\t\t\t\t\t\t\t\t\t\t\t<span class=\"dslc-icon dslc-icon-\"><\/span>\t\r\n\t\t\t\t\t\t\t\t\t\t\t\t\t\t\t\t\t\t\t\t\t\t\t\tweiterlesen\t\t\t\t\t\t\t\t\t\t\t<\/a>\r\n\t\t\t\t\t\t\t\t\t\t<\/div><!-- .dslc-blog-post-read-more -->\r\n\r\n\t\t\t\t\t\t\t\t\t\r\n\t\t\t\t\t\t\t\t<\/div><!-- .blog-post-main -->\r\n\r\n\t\t\t\t\t\t\t\t\r\n\t\t\t\t\t\t\t\t\r\n\t\t\t\t\t\t\t\r\n\t\t\t\t\t\t<\/div><!-- .dslc-blog-post -->\r\n\r\n\t\t\t\t\t\t\r\n\t\t\t\t\t\t<div class=\"dslc-post-separator\"><\/div>\r\n\t<div class=\"dslc-post dslc-blog-post dslc-col dslc-12-col  dslc-last-col dslc-post-format-standard\" data-cats=\"text \">\r\n\r\n\t\r\n\t\t\t\t\t\t\t\t\r\n\t\t\t\t\t\t\t\t\t<div class=\"dslc-blog-post-thumb dslc-post-thumb dslc-on-hover-anim\">\r\n\r\n\t\t\t\t\t\t\t\t\t\t\r\n\t\t\t\t\t\t\t\t\t\t\t<div class=\"dslc-blog-post-thumb-inner dslca-post-thumb\">\r\n\t\t\t\t\t\t\t\t\t\t\t\t\r\n\t\t\t\t\t\t\t\t\t\t\t\t\t\t\t\t\t\t\t\t\t\t\t\t\t<a href=\"https:\/\/www.wort-reich.ch\/?p=918\" class=\"\"><img loading=\"lazy\" decoding=\"async\" width=\"800\" height=\"600\" src=\"https:\/\/www.wort-reich.ch\/wp-content\/uploads\/2019\/09\/IMG_1066.jpg\" class=\"attachment-full size-full wp-post-image\" alt=\"\" title=\"IMG_1066\" srcset=\"https:\/\/www.wort-reich.ch\/wp-content\/uploads\/2019\/09\/IMG_1066.jpg 800w, https:\/\/www.wort-reich.ch\/wp-content\/uploads\/2019\/09\/IMG_1066-300x225.jpg 300w, https:\/\/www.wort-reich.ch\/wp-content\/uploads\/2019\/09\/IMG_1066-768x576.jpg 768w, https:\/\/www.wort-reich.ch\/wp-content\/uploads\/2019\/09\/IMG_1066-700x525.jpg 700w\" sizes=\"auto, (max-width: 800px) 100vw, 800px\" \/><\/a>\r\n\t\t\t\t\t\t\t\t\t\t\t\t\t\t\t\t\t\t\t\t\t\t\t<\/div><!-- .dslc-blog-post-thumb-inner -->\r\n\r\n\t\t\t\t\t\t\t\t\t\t\r\n\t\t\t\t\t\t\t\t\t\t\r\n\t\t\t\t\t\t\t\t\t<\/div><!-- .dslc-blog-post-thumb -->\r\n\r\n\t\t\t\t\t\t\t\t\r\n\t\t\t\t\t\t\t\r\n\t\t\t\t\t\t\t\r\n\t\t\t\t\t\t\t\t<div class=\"dslc-post-main dslc-blog-post-main\">\r\n\r\n\t\t\t\t\t\t\t\t\t\r\n\t\t\t\t\t\t\t\t\t\r\n\t\t\t\t\t\t\t\t\t\t<div class=\"dslc-blog-post-title\">\r\n\t\t\t\t\t\t\t\t\t\t\t<h2><a href=\"https:\/\/www.wort-reich.ch\/?p=918\">Freundschaft neu entdecken<\/a><\/h2>\r\n\t\t\t\t\t\t\t\t\t\t<\/div><!-- .dslc-blog-post-title -->\r\n\r\n\t\t\t\t\t\t\t\t\t\r\n\t\t\t\t\t\t\t\t\t\r\n\t\t\t\t\t\t\t\t\t\t\r\n\t\t\t\t\t\t\t\t\t\t<div class=\"dslc-blog-post-meta\">\r\n\r\n\t\t\t\t\t\t\t\t\t\t\t\r\n\t\t\t\t\t\t\t\t\t\t\t\t\t\t\t\t\t\t\t\t\t\t\t<div class=\"dslc-blog-post-meta-date above\">\r\n\t\t\t\t\t\t\t\t\t\t\t\t\tDezember 9, 2019\t\t\t\t\t\t\t\t\t\t\t\t<\/div><!-- .dslc-blog-post-meta-date -->\r\n\t\t\t\t\t\t\t\t\t\t\t\r\n\t\t\t\t\t\t\t\t\t\t\t\r\n\t\t\t\t\t\t\t\t\t\t\t<div class=\"clearfix\"><\/div>\r\n\r\n\t\t\t\t\t\t\t\t\t\t\t<div class=\"meta-category\">\r\n\t\t\t\t\t\t\t\t\t\t\t\t\t\t\t\t\t\t\t\t\t\t\t\t\t\t\t\t\t\t\t\t\t\t\t<\/div>\r\n\r\n\t\t\t\t\t\t\t\t\t\t<\/div><!-- .dslc-blog-post-meta -->\r\n\t\t\t\t\t\t\t\t\t\t\r\n\t\t\t\t\t\t\t\t\t\r\n\t\t\t\t\t\t\t\t\t\r\n\t\t\t\t\t\t\t\t\t\t<div class=\"dslc-blog-post-excerpt\">\r\n\t\t\t\t\t\t\t\t\t\t\t\t\t\t\t\t\t\t\t\t\t\t\tDa hat man sich pl\u00f6tzlich aus den Augen verloren. Eine ging aus dem Land und die andere blieb Die Leben wurden anders Und doch blieb man noch ein bisschen gleich Interessierte sich noch f\u00fcr die gleichen Dinge Jene die einem zusammenbrachten Jene die beide besch\u00e4ftigten &nbsp; Doch wussten es beide nicht Man sah sich nicht mehr Schrieb sich nicht mehr &nbsp; Dann nach 4 Jahren die Idee Du wirst \u00fcberrascht Du freust dich Kannst es nicht glauben Kreischt und umarmst Es wird gelacht und alle freuen sich mit dir Da ist die \u00dcberraschung gegl\u00fcckt &nbsp; Doch das Leben \u00fcberholt einem&hellip;\t\t\t\t\t\t\t\t\t\t\t\t\t\t\t\t\t\t\t\t\t<\/div><!-- .dslc-blog-post-excerpt -->\r\n\r\n\t\t\t\t\t\t\t\t\t\r\n\t\t\t\t\t\t\t\t\t\r\n\t\t\t\t\t\t\t\t\t\t<div class=\"dslc-blog-post-read-more\">\r\n\t\t\t\t\t\t\t\t\t\t\t<a href=\"https:\/\/www.wort-reich.ch\/?p=918\">\r\n\t\t\t\t\t\t\t\t\t\t\t\t\t\t\t\t\t\t\t\t\t\t\t\t\t<span class=\"dslc-icon dslc-icon-\"><\/span>\t\r\n\t\t\t\t\t\t\t\t\t\t\t\t\t\t\t\t\t\t\t\t\t\t\t\tweiterlesen\t\t\t\t\t\t\t\t\t\t\t<\/a>\r\n\t\t\t\t\t\t\t\t\t\t<\/div><!-- .dslc-blog-post-read-more -->\r\n\r\n\t\t\t\t\t\t\t\t\t\r\n\t\t\t\t\t\t\t\t<\/div><!-- .blog-post-main -->\r\n\r\n\t\t\t\t\t\t\t\t\r\n\t\t\t\t\t\t\t\t\r\n\t\t\t\t\t\t\t\r\n\t\t\t\t\t\t<\/div><!-- .dslc-blog-post -->\r\n\r\n\t\t\t\t\t\t\r\n\t\t\t\t\t\t<div class=\"dslc-post-separator\"><\/div>\r\n\t<div class=\"dslc-post dslc-blog-post dslc-col dslc-12-col  dslc-last-col dslc-post-format-standard\" data-cats=\"text \">\r\n\r\n\t\r\n\t\t\t\t\t\t\t\t\r\n\t\t\t\t\t\t\t\t\t<div class=\"dslc-blog-post-thumb dslc-post-thumb dslc-on-hover-anim\">\r\n\r\n\t\t\t\t\t\t\t\t\t\t\r\n\t\t\t\t\t\t\t\t\t\t\t<div class=\"dslc-blog-post-thumb-inner dslca-post-thumb\">\r\n\t\t\t\t\t\t\t\t\t\t\t\t\r\n\t\t\t\t\t\t\t\t\t\t\t\t\t\t\t\t\t\t\t\t\t\t\t\t\t<a href=\"https:\/\/www.wort-reich.ch\/?p=884\" class=\"\"><img loading=\"lazy\" decoding=\"async\" width=\"4032\" height=\"3024\" src=\"https:\/\/www.wort-reich.ch\/wp-content\/uploads\/2019\/06\/IMG_0108.jpg\" class=\"attachment-full size-full wp-post-image\" alt=\"\" title=\"IMG_0108\" srcset=\"https:\/\/www.wort-reich.ch\/wp-content\/uploads\/2019\/06\/IMG_0108.jpg 4032w, https:\/\/www.wort-reich.ch\/wp-content\/uploads\/2019\/06\/IMG_0108-300x225.jpg 300w, https:\/\/www.wort-reich.ch\/wp-content\/uploads\/2019\/06\/IMG_0108-768x576.jpg 768w, https:\/\/www.wort-reich.ch\/wp-content\/uploads\/2019\/06\/IMG_0108-700x525.jpg 700w\" sizes=\"auto, (max-width: 4032px) 100vw, 4032px\" \/><\/a>\r\n\t\t\t\t\t\t\t\t\t\t\t\t\t\t\t\t\t\t\t\t\t\t\t<\/div><!-- .dslc-blog-post-thumb-inner -->\r\n\r\n\t\t\t\t\t\t\t\t\t\t\r\n\t\t\t\t\t\t\t\t\t\t\r\n\t\t\t\t\t\t\t\t\t<\/div><!-- .dslc-blog-post-thumb -->\r\n\r\n\t\t\t\t\t\t\t\t\r\n\t\t\t\t\t\t\t\r\n\t\t\t\t\t\t\t\r\n\t\t\t\t\t\t\t\t<div class=\"dslc-post-main dslc-blog-post-main\">\r\n\r\n\t\t\t\t\t\t\t\t\t\r\n\t\t\t\t\t\t\t\t\t\r\n\t\t\t\t\t\t\t\t\t\t<div class=\"dslc-blog-post-title\">\r\n\t\t\t\t\t\t\t\t\t\t\t<h2><a href=\"https:\/\/www.wort-reich.ch\/?p=884\">Entdeckungstour in der eigenen Stadt<\/a><\/h2>\r\n\t\t\t\t\t\t\t\t\t\t<\/div><!-- .dslc-blog-post-title -->\r\n\r\n\t\t\t\t\t\t\t\t\t\r\n\t\t\t\t\t\t\t\t\t\r\n\t\t\t\t\t\t\t\t\t\t\r\n\t\t\t\t\t\t\t\t\t\t<div class=\"dslc-blog-post-meta\">\r\n\r\n\t\t\t\t\t\t\t\t\t\t\t\r\n\t\t\t\t\t\t\t\t\t\t\t\t\t\t\t\t\t\t\t\t\t\t\t<div class=\"dslc-blog-post-meta-date above\">\r\n\t\t\t\t\t\t\t\t\t\t\t\t\tJuni 17, 2019\t\t\t\t\t\t\t\t\t\t\t\t<\/div><!-- .dslc-blog-post-meta-date -->\r\n\t\t\t\t\t\t\t\t\t\t\t\r\n\t\t\t\t\t\t\t\t\t\t\t\r\n\t\t\t\t\t\t\t\t\t\t\t<div class=\"clearfix\"><\/div>\r\n\r\n\t\t\t\t\t\t\t\t\t\t\t<div class=\"meta-category\">\r\n\t\t\t\t\t\t\t\t\t\t\t\t\t\t\t\t\t\t\t\t\t\t\t\t\t\t\t\t\t\t\t\t\t\t\t<\/div>\r\n\r\n\t\t\t\t\t\t\t\t\t\t<\/div><!-- .dslc-blog-post-meta -->\r\n\t\t\t\t\t\t\t\t\t\t\r\n\t\t\t\t\t\t\t\t\t\r\n\t\t\t\t\t\t\t\t\t\r\n\t\t\t\t\t\t\t\t\t\t<div class=\"dslc-blog-post-excerpt\">\r\n\t\t\t\t\t\t\t\t\t\t\t\t\t\t\t\t\t\t\t\t\t\t\tIn einem Wochenende die Stadt Bern der deutschen Freundin zeigen Bisschen verloren finde ich die dich auf dem Bahngleis. Du hier in der Schweiz, wo es noch Roaming Geb\u00fchren gibt und du mir nicht schreiben kannst\u2026 Doch ich habe dich gefunden. Bin einfach einmal den ganzen Bahnsteig entlanggelaufen. Vor Freude kommen mir fast die Tr\u00e4nen und die alte Frau hinter mir l\u00e4chelt als sie es sieht. Du bist das erste Mal in der Schweiz und so gehen wir als erstes einkaufen. Hier gibt es andere Produkte als bei dir. Oder vielleicht eher andere Marken, darin ist doch dasselbe. Du bist&hellip;\t\t\t\t\t\t\t\t\t\t\t\t\t\t\t\t\t\t\t\t\t<\/div><!-- .dslc-blog-post-excerpt -->\r\n\r\n\t\t\t\t\t\t\t\t\t\r\n\t\t\t\t\t\t\t\t\t\r\n\t\t\t\t\t\t\t\t\t\t<div class=\"dslc-blog-post-read-more\">\r\n\t\t\t\t\t\t\t\t\t\t\t<a href=\"https:\/\/www.wort-reich.ch\/?p=884\">\r\n\t\t\t\t\t\t\t\t\t\t\t\t\t\t\t\t\t\t\t\t\t\t\t\t\t<span class=\"dslc-icon dslc-icon-\"><\/span>\t\r\n\t\t\t\t\t\t\t\t\t\t\t\t\t\t\t\t\t\t\t\t\t\t\t\tweiterlesen\t\t\t\t\t\t\t\t\t\t\t<\/a>\r\n\t\t\t\t\t\t\t\t\t\t<\/div><!-- .dslc-blog-post-read-more -->\r\n\r\n\t\t\t\t\t\t\t\t\t\r\n\t\t\t\t\t\t\t\t<\/div><!-- .blog-post-main -->\r\n\r\n\t\t\t\t\t\t\t\t\r\n\t\t\t\t\t\t\t\t\r\n\t\t\t\t\t\t\t\r\n\t\t\t\t\t\t<\/div><!-- .dslc-blog-post -->\r\n\r\n\t\t\t\t\t\t\r\n\t\t\t\t\t\t<\/div><!-- .dslc-posts-inner -->\r\n\t\t\t\r\n\t\t\t\r\n\t<\/div><!-- .dslc-blog-posts -->\t\t<div class=\"dslc-pagination dslc-pagination-type-numbered\">\r\n\t\t\t<ul class=\"dslc-clearfix\">\r\n\t\t\t\t<li class='dslc-active'><a href='https:\/\/www.wort-reich.ch\/index.php?rest_route=%2Fwp%2Fv2%2Fpages%2F762'>1<\/a><\/li><li class='dslc-inactive'><a class='inactive' href='https:\/\/www.wort-reich.ch\/index.php?rest_route=%2Fwp%2Fv2%2Fpages%2F762&#038;paged=2'>2<\/a><\/li><li class='dslc-inactive'><a class='inactive' href='https:\/\/www.wort-reich.ch\/index.php?rest_route=%2Fwp%2Fv2%2Fpages%2F762&#038;paged=3'>3<\/a><\/li>\t\t\t<\/ul>\r\n\r\n\t\t\t\r\n\t\t<\/div><!-- .dslc-pagination --><\/div>\n<p><!-- .dslc-module -->\n\t\t<\/div>\n<\/div>\n<\/div>\n<\/div>\n<\/div><\/div>","protected":false},"excerpt":{"rendered":"<p>In einem Wochenende die Stadt Bern der deutschen Freundin zeigen Bisschen verloren finde ich die dich auf dem Bahngleis. Du hier in der Schweiz, wo es noch Roaming Geb\u00fchren gibt und du mir nicht schreiben kannst\u2026 Doch ich habe dich gefunden. Bin einfach einmal den ganzen Bahnsteig entlanggelaufen. Vor Freude kommen mir fast die Tr\u00e4nen [&hellip;]<\/p>\n","protected":false},"author":1,"featured_media":0,"parent":0,"menu_order":0,"comment_status":"closed","ping_status":"closed","template":"","meta":{"jetpack_post_was_ever_published":false,"footnotes":""},"class_list":["post-762","page","type-page","status-publish","hentry"],"jetpack_sharing_enabled":true,"jetpack_shortlink":"https:\/\/wp.me\/P8fxsM-ci","_links":{"self":[{"href":"https:\/\/www.wort-reich.ch\/index.php?rest_route=\/wp\/v2\/pages\/762","targetHints":{"allow":["GET"]}}],"collection":[{"href":"https:\/\/www.wort-reich.ch\/index.php?rest_route=\/wp\/v2\/pages"}],"about":[{"href":"https:\/\/www.wort-reich.ch\/index.php?rest_route=\/wp\/v2\/types\/page"}],"author":[{"embeddable":true,"href":"https:\/\/www.wort-reich.ch\/index.php?rest_route=\/wp\/v2\/users\/1"}],"replies":[{"embeddable":true,"href":"https:\/\/www.wort-reich.ch\/index.php?rest_route=%2Fwp%2Fv2%2Fcomments&post=762"}],"version-history":[{"count":9,"href":"https:\/\/www.wort-reich.ch\/index.php?rest_route=\/wp\/v2\/pages\/762\/revisions"}],"predecessor-version":[{"id":1036,"href":"https:\/\/www.wort-reich.ch\/index.php?rest_route=\/wp\/v2\/pages\/762\/revisions\/1036"}],"wp:attachment":[{"href":"https:\/\/www.wort-reich.ch\/index.php?rest_route=%2Fwp%2Fv2%2Fmedia&parent=762"}],"curies":[{"name":"wp","href":"https:\/\/api.w.org\/{rel}","templated":true}]}}